{"id":3,"date":"2020-09-20T14:21:03","date_gmt":"2020-09-20T14:21:03","guid":{"rendered":"https:\/\/lampenius.fi\/simon\/?page_id=3"},"modified":"2020-10-10T19:25:15","modified_gmt":"2020-10-10T19:25:15","slug":"privacy-policy","status":"publish","type":"page","link":"https:\/\/lampenius.fi\/simon\/privacy-policy\/","title":{"rendered":"Integritetspolicy"},"content":{"rendered":"\n<h2 class=\"wp-block-heading\">Dataskyddsbeskrivning och beskrivning av anv\u00e4ndning av kakor p\u00e5 webbplatsen<\/h2>\n\n\n\n<h3 class=\"wp-block-heading\"><strong>Vilka vi \u00e4r<\/strong><\/h3>\n\n\n\n<p>V\u00e5r webbplatsadress \u00e4r: <a href=\"https:\/\/lampenius.fi\/simon\">https:\/\/lampenius.fi\/simon<\/a>.<\/p>\n\n\n\n<p>Webbplatsen uppr\u00e4tth\u00e5lls av Simon Lampenius<\/p>\n\n\n\n<h3 class=\"wp-block-heading\"><strong>Vilka personuppgifter vi samlar in och varf\u00f6r vi samlar in dem<\/strong><\/h3>\n\n\n\n<h4 class=\"wp-block-heading\"><strong>Uppgifter du ger vid kontakt<\/strong><\/h4>\n\n\n\n<p>Dina personuppgifter som du ger n\u00e4r du kontaktar mig per telefon eller per e-post sparar jag f\u00f6r att vi ska kunna h\u00e5lla kontakt g\u00e4llande det \u00e4rende du kontaktar mig i. Det kan vara ditt namn, e-postadress, adress, land och telefonnummer. Jag sparar personuppgifterna s\u00e5 l\u00e4nge \u00e4rendet du kontaktat mig om \u00e4r aktuellt. &nbsp;<\/p>\n\n\n\n<h4 class=\"wp-block-heading\"><strong>Kommentarer p\u00e5 bloggfunktionen<\/strong><\/h4>\n\n\n\n<p>P\u00e5 webbplatsen finns en bloggfunktion. Om du l\u00e4mnar kommentarer p\u00e5 bloggen sparas den text du l\u00e4mnat i kommentaren. Ocks\u00e5 det namn och den e-postadress du ger n\u00e4r du kommenterar bloggen sparas.<\/p>\n\n\n\n<p>Dessutom sparas din ip-adress och user agent-str\u00e4ng som hj\u00e4lp f\u00f6r detektering av skr\u00e4pmeddelanden.<\/p>\n\n\n\n<p>En anonymiserad str\u00e4ng som skapats utifr\u00e5n din e-postadress (\u00e4ven kallat hash-v\u00e4rde) kan komma att s\u00e4ndas till tj\u00e4nsten Gravatar f\u00f6r att avg\u00f6ra om du finns registrerad d\u00e4r. Integritetspolicyn f\u00f6r tj\u00e4nsten Gravatar finns p\u00e5 https:\/\/automattic.com\/privacy\/. N\u00e4r din kommentar har godk\u00e4nts visas din profilbild offentligt tillsammans med din kommentar.<\/p>\n\n\n\n<h4 class=\"wp-block-heading\"><strong>Media<\/strong><\/h4>\n\n\n\n<p>Om du laddar upp bilder till webbplatsen b\u00f6r du undvika att ladda upp bilder d\u00e4r EXIF-data inkluderar data fr\u00e5n GPS-lokalisering. Bes\u00f6kare till webbplatsen kan ladda ned och ta fram alla positioneringsuppgifter fr\u00e5n bilder p\u00e5 webbplatsen.<\/p>\n\n\n\n<h4 class=\"wp-block-heading\"><strong>Cookie-filer (Kakor)<\/strong><\/h4>\n\n\n\n<p>Om du l\u00e4mnar en kommentar p\u00e5 v\u00e5r webbplats kan du v\u00e4lja att spara ditt namn, din e-postadress och webbplatsadress i cookie-filer. Detta \u00e4r f\u00f6r din bekv\u00e4mlighet f\u00f6r att du inte ska beh\u00f6va fylla i dessa uppgifter igen n\u00e4sta g\u00e5ng du skriver en kommentar. Dessa cookie-filer g\u00e4ller i ett \u00e5r.<\/p>\n\n\n\n<p>Om du bes\u00f6ker v\u00e5r inloggningssida kommer vi att s\u00e4tta en tillf\u00e4llig cookie f\u00f6r att unders\u00f6ka om din webbl\u00e4sare accepterar dem. Denna cookie inneh\u00e5ller inga personuppgifter och den f\u00f6rsvinner n\u00e4r du st\u00e4nger din webbl\u00e4sare.<\/p>\n\n\n\n<p>N\u00e4r du loggar in kommer vi dessutom att skapa flera cookie-filer f\u00f6r att spara information om din inloggning och dina val f\u00f6r utformning av sk\u00e4rmlayouten. Cookie-filer f\u00f6r inloggning g\u00e4ller i tv\u00e5 dagar och cookie-filer f\u00f6r layoutval g\u00e4ller i ett \u00e5r. Om du kryssar i \u201dKom ih\u00e5g mig\u201d kommer din cookie att finnas kvar i tv\u00e5 veckor. Om du loggar ut fr\u00e5n ditt konto kommer cookie-filerna f\u00f6r inloggning att tas bort.<\/p>\n\n\n\n<p>Om du redigerar eller publicerar en artikel kommer en extra cookie-fil att sparas i din webbl\u00e4sare. Denna cookie-fil inneh\u00e5ller inga personuppgifter utan anger endast inl\u00e4ggs-ID f\u00f6r den artikel du just redigerade. Den g\u00e4ller under 1 dygn.<\/p>\n\n\n\n<h4 class=\"wp-block-heading\"><strong>Inb\u00e4ddat inneh\u00e5ll fr\u00e5n andra webbplatser<\/strong><\/h4>\n\n\n\n<p>Artiklar p\u00e5 denna webbplats kan inneh\u00e5lla inb\u00e4ddat inneh\u00e5ll (exempelvis videoklipp, bilder, artiklar o.s.v.). Inb\u00e4ddat inneh\u00e5ll fr\u00e5n andra webbplatser beter sig precis p\u00e5 samma s\u00e4tt som om bes\u00f6karen har bes\u00f6kt den andra webbplatsen.<\/p>\n\n\n\n<p>Dessa webbplatser kan samla in uppgifter om dig, anv\u00e4nda cookie-filer, b\u00e4dda in ytterligare sp\u00e5rning fr\u00e5n tredje part och \u00f6vervaka din interaktion med sagda inb\u00e4ddade inneh\u00e5ll, inklusive sp\u00e5rning av din interaktion med detta inb\u00e4ddade inneh\u00e5ll om du har ett konto och \u00e4r inloggad p\u00e5 webbplatsen i fr\u00e5ga.<\/p>\n\n\n\n<h4 class=\"wp-block-heading\"><strong>Analys och webbstatistik<\/strong><\/h4>\n\n\n\n<p>Vi anv\u00e4nder Google Analytics f\u00f6r att samla in bes\u00f6ksstatistik p\u00e5 webbplatsen. Uppgifter som kan identifiera dig som bes\u00f6kare samlas inte in. Uppgifterna samlas in f\u00f6r att utveckla webbplatsen och g\u00f6ra den b\u00e4ttre f\u00f6r bes\u00f6karna.<\/p>\n\n\n\n<p>Du v\u00e4ljer sj\u00e4lv om vi f\u00e5r samla in statistik \u00f6ver ditt bes\u00f6k p\u00e5 webbplatsen i bannern med knappar f\u00f6r medgivande som visas d\u00e5 du kommer in p\u00e5 webbplatsen. Du kan n\u00e4r som helst \u00e4ndra ditt val.<\/p>\n\n\n\n<h4 class=\"wp-block-heading\"><strong>Kakor f\u00f6r marknadsf\u00f6ring<\/strong><\/h4>\n\n\n\n<p>Vi anv\u00e4nder Facebooks pixel f\u00f6r att ha m\u00f6jlighet att skapa anpassad reklam till personer som har bes\u00f6kt webbplatsen, vilket g\u00f6r att du kan se f\u00f6r dig mer relevant reklam i ditt facebookfl\u00f6de. Uppgifter som kan identifiera dig som bes\u00f6kare samlas inte in.<\/p>\n\n\n\n<p>Du v\u00e4ljer sj\u00e4lv om Facebook pixeln f\u00e5r vara aktiv under ditt bes\u00f6k p\u00e5 webbplatsen i bannern med knappar f\u00f6r medgivande som visas d\u00e5 du kommer in p\u00e5 webbplatsen. Du kan n\u00e4r som helst \u00e4ndra ditt val.<\/p>\n\n\n\n<h3 class=\"wp-block-heading\"><strong>Vilka vi delar dina data med<\/strong><\/h3>\n\n\n\n<p>Vi delar inte personuppgifter du l\u00e4mnar p\u00e5 webbplatsen till en tredje part, om vi inte kommer \u00f6verens om den saken separat.<\/p>\n\n\n\n<p>Kakorna som anv\u00e4nds f\u00f6r att samla in webbstatistik delas med Google och kakorna som anv\u00e4nds f\u00f6r marknadsf\u00f6ring med hj\u00e4lp av Facebook pixeln delas med Facebook.<\/p>\n\n\n\n<h3 class=\"wp-block-heading\"><strong>Hur l\u00e4nge vi beh\u00e5ller era uppgifter<\/strong><\/h3>\n\n\n\n<p>Korrespondens om ett kunduppdrag sparas i ett \u00e5r efter att uppdraget \u00e4r slutf\u00f6rt.<\/p>\n\n\n\n<p>Ink\u00f6psdata f\u00f6r kunder sparas i tio \u00e5r.<\/p>\n\n\n\n<p>Om du skriver en kommentar kommer kommentaren och dess metadata att sparas utan tidsgr\u00e4ns. Anledningen till detta \u00e4r att vi beh\u00f6ver kunna hitta och godk\u00e4nna uppf\u00f6ljningskommentarer automatiskt och inte l\u00e4gga dem i k\u00f6 f\u00f6r granskning.<\/p>\n\n\n\n<p>F\u00f6r anv\u00e4ndare som registrerar sig p\u00e5 er webbplats (om s\u00e5dana finns) sparar vi \u00e4ven de personuppgifter de anger i sin anv\u00e4ndarprofil. Alla anv\u00e4ndare kan se, redigera eller radera sina personuppgifter n\u00e4r som helst (med undantaget att de inte kan \u00e4ndra sitt anv\u00e4ndarnamn). \u00c4ven webbplatsens administrat\u00f6rer kan se och redigera denna information.<\/p>\n\n\n\n<h3 class=\"wp-block-heading\"><strong>Vilka r\u00e4ttigheter du har \u00f6ver dina data<\/strong><\/h3>\n\n\n\n<p>Om du har ett konto eller har skrivit n\u00e5gra kommentarer p\u00e5 denna webbplats kan du beg\u00e4ra en exportfil med de personuppgifter vi har om dig, inklusive alla uppgifter du har gett oss. Du kan ocks\u00e5 beg\u00e4ra att vi tar bort alla personuppgifter vi har om dig. Detta omfattar inte eventuella uppgifter som vi \u00e4r tvungna att spara av administrativa, legala eller s\u00e4kerhets\u00e4ndam\u00e5l.<\/p>\n\n\n\n<h3 class=\"wp-block-heading\"><strong>Vart vi skickar dina uppgifter<\/strong><\/h3>\n\n\n\n<p>Personuppgifter du ger i korrespondens g\u00e4llande uppdrag delas aldrig med tredje part utan ditt tillst\u00e5nd.<\/p>\n\n\n\n<p>Kommentarer fr\u00e5n bes\u00f6kare kanske kontrolleras via en automatiserad tj\u00e4nst f\u00f6r detektering av skr\u00e4ppost.<\/p>\n\n\n\n<h3 class=\"wp-block-heading\"><strong>Kontaktinformation<\/strong><\/h3>\n\n\n\n<p>Simon Lampenius<br>Tavastgatan 13<br>06400 Borg\u00e5<\/p>\n\n\n\n<p>Telefon: +358 40&nbsp;560 39 85<br>simon(a)lampenius.fi<\/p>\n\n\n\n<h3 class=\"wp-block-heading\"><strong>Ytterligare information<\/strong><\/h3>\n\n\n\n<h4 class=\"wp-block-heading\"><strong>Hur vi skyddar din information<\/strong><\/h4>\n\n\n\n<p>Personuppgifter behandlas alltid med st\u00f6rsta respekt och f\u00f6rsiktighet. Till exempel l\u00e5ses dator d\u00e5 den inte anv\u00e4nds, utskrivna dokument med personuppgifter f\u00f6rvaras bakom l\u00e5s och f\u00f6rst\u00f6rs efter att de inte beh\u00f6vs.<\/p>\n\n\n\n<h4 class=\"wp-block-heading\"><strong>Kontaktinformation till den nationella tillsynsmyndigheten<\/strong><\/h4>\n\n\n\n<p>Dataombudsmannens byr\u00e5<br>PB 800, Bang\u00e5rdsv\u00e4gen 9, 00521 Helsingfors<br>tfn 029 566 6700, tietosuoja@om.fi<br>www.tietosuoja.fi\/sv<\/p>\n","protected":false},"excerpt":{"rendered":"<p>Dataskyddsbeskrivning och beskrivning av anv\u00e4ndning av kakor p\u00e5 webbplatsen Vilka vi \u00e4r V\u00e5r webbplatsadress \u00e4r: https:\/\/lampenius.fi\/simon. Webbplatsen uppr\u00e4tth\u00e5lls av Simon Lampenius Vilka personuppgifter vi samlar in och varf\u00f6r vi samlar<a href=\"https:\/\/lampenius.fi\/simon\/privacy-policy\/\" class=\"more-link\"><span class=\"more-button\">Forts\u00e4tt l\u00e4sa<span class=\"screen-reader-text\">Integritetspolicy<\/span><\/span><\/a><\/p>\n","protected":false},"author":1,"featured_media":0,"parent":0,"menu_order":0,"comment_status":"closed","ping_status":"closed","template":"","meta":{"_monsterinsights_skip_tracking":false,"_monsterinsights_sitenote_active":false,"_monsterinsights_sitenote_note":"","_monsterinsights_sitenote_category":0,"footnotes":""},"class_list":["post-3","page","type-page","status-publish","hentry"],"yoast_head":"<!-- This site is optimized with the Yoast SEO plugin v17.9 - https:\/\/yoast.com\/wordpress\/plugins\/seo\/ -->\n<title>Integritetspolicy - Simon Lampenius<\/title>\n<meta name=\"description\" content=\"Dataskyddsbeskrivning och beskrivning av anv\u00e4ndningen av kakor p\u00e5 webbplatsen. Vi \u00e4r m\u00e5na om att skydda dina personuppgifter.\" \/>\n<meta name=\"robots\" content=\"index, follow, max-snippet:-1, max-image-preview:large, max-video-preview:-1\" \/>\n<link rel=\"canonical\" href=\"https:\/\/lampenius.fi\/simon\/privacy-policy\/\" \/>\n<meta property=\"og:locale\" content=\"sv_SE\" \/>\n<meta property=\"og:type\" content=\"article\" \/>\n<meta property=\"og:title\" content=\"Integritetspolicy - Simon Lampenius\" \/>\n<meta property=\"og:description\" content=\"Dataskyddsbeskrivning och beskrivning av anv\u00e4ndningen av kakor p\u00e5 webbplatsen. Vi \u00e4r m\u00e5na om att skydda dina personuppgifter.\" \/>\n<meta property=\"og:url\" content=\"https:\/\/lampenius.fi\/simon\/privacy-policy\/\" \/>\n<meta property=\"og:site_name\" content=\"Simon Lampenius\" \/>\n<meta property=\"article:modified_time\" content=\"2020-10-10T19:25:15+00:00\" \/>\n<meta name=\"twitter:card\" content=\"summary_large_image\" \/>\n<meta name=\"twitter:label1\" content=\"Ber\u00e4knad l\u00e4stid\" \/>\n\t<meta name=\"twitter:data1\" content=\"6 minuter\" \/>\n<script type=\"application\/ld+json\" class=\"yoast-schema-graph\">{\"@context\":\"https:\/\/schema.org\",\"@graph\":[{\"@type\":\"WebSite\",\"@id\":\"https:\/\/lampenius.fi\/simon\/#website\",\"url\":\"https:\/\/lampenius.fi\/simon\/\",\"name\":\"Simon Lampenius\",\"description\":\"Kontakt: simon (a) lampenius.fi\",\"potentialAction\":[{\"@type\":\"SearchAction\",\"target\":{\"@type\":\"EntryPoint\",\"urlTemplate\":\"https:\/\/lampenius.fi\/simon\/?s={search_term_string}\"},\"query-input\":\"required name=search_term_string\"}],\"inLanguage\":\"sv-SE\"},{\"@type\":\"WebPage\",\"@id\":\"https:\/\/lampenius.fi\/simon\/privacy-policy\/#webpage\",\"url\":\"https:\/\/lampenius.fi\/simon\/privacy-policy\/\",\"name\":\"Integritetspolicy - Simon Lampenius\",\"isPartOf\":{\"@id\":\"https:\/\/lampenius.fi\/simon\/#website\"},\"datePublished\":\"2020-09-20T14:21:03+00:00\",\"dateModified\":\"2020-10-10T19:25:15+00:00\",\"description\":\"Dataskyddsbeskrivning och beskrivning av anv\\u00e4ndningen av kakor p\\u00e5 webbplatsen. Vi \\u00e4r m\\u00e5na om att skydda dina personuppgifter.\",\"breadcrumb\":{\"@id\":\"https:\/\/lampenius.fi\/simon\/privacy-policy\/#breadcrumb\"},\"inLanguage\":\"sv-SE\",\"potentialAction\":[{\"@type\":\"ReadAction\",\"target\":[\"https:\/\/lampenius.fi\/simon\/privacy-policy\/\"]}]},{\"@type\":\"BreadcrumbList\",\"@id\":\"https:\/\/lampenius.fi\/simon\/privacy-policy\/#breadcrumb\",\"itemListElement\":[{\"@type\":\"ListItem\",\"position\":1,\"name\":\"Hem\",\"item\":\"https:\/\/lampenius.fi\/simon\/\"},{\"@type\":\"ListItem\",\"position\":2,\"name\":\"Integritetspolicy\"}]}]}<\/script>\n<!-- \/ Yoast SEO plugin. -->","yoast_head_json":{"title":"Integritetspolicy - Simon Lampenius","description":"Dataskyddsbeskrivning och beskrivning av anv\u00e4ndningen av kakor p\u00e5 webbplatsen. Vi \u00e4r m\u00e5na om att skydda dina personuppgifter.","robots":{"index":"index","follow":"follow","max-snippet":"max-snippet:-1","max-image-preview":"max-image-preview:large","max-video-preview":"max-video-preview:-1"},"canonical":"https:\/\/lampenius.fi\/simon\/privacy-policy\/","og_locale":"sv_SE","og_type":"article","og_title":"Integritetspolicy - Simon Lampenius","og_description":"Dataskyddsbeskrivning och beskrivning av anv\u00e4ndningen av kakor p\u00e5 webbplatsen. Vi \u00e4r m\u00e5na om att skydda dina personuppgifter.","og_url":"https:\/\/lampenius.fi\/simon\/privacy-policy\/","og_site_name":"Simon Lampenius","article_modified_time":"2020-10-10T19:25:15+00:00","twitter_card":"summary_large_image","twitter_misc":{"Ber\u00e4knad l\u00e4stid":"6 minuter"},"schema":{"@context":"https:\/\/schema.org","@graph":[{"@type":"WebSite","@id":"https:\/\/lampenius.fi\/simon\/#website","url":"https:\/\/lampenius.fi\/simon\/","name":"Simon Lampenius","description":"Kontakt: simon (a) lampenius.fi","potentialAction":[{"@type":"SearchAction","target":{"@type":"EntryPoint","urlTemplate":"https:\/\/lampenius.fi\/simon\/?s={search_term_string}"},"query-input":"required name=search_term_string"}],"inLanguage":"sv-SE"},{"@type":"WebPage","@id":"https:\/\/lampenius.fi\/simon\/privacy-policy\/#webpage","url":"https:\/\/lampenius.fi\/simon\/privacy-policy\/","name":"Integritetspolicy - Simon Lampenius","isPartOf":{"@id":"https:\/\/lampenius.fi\/simon\/#website"},"datePublished":"2020-09-20T14:21:03+00:00","dateModified":"2020-10-10T19:25:15+00:00","description":"Dataskyddsbeskrivning och beskrivning av anv\u00e4ndningen av kakor p\u00e5 webbplatsen. Vi \u00e4r m\u00e5na om att skydda dina personuppgifter.","breadcrumb":{"@id":"https:\/\/lampenius.fi\/simon\/privacy-policy\/#breadcrumb"},"inLanguage":"sv-SE","potentialAction":[{"@type":"ReadAction","target":["https:\/\/lampenius.fi\/simon\/privacy-policy\/"]}]},{"@type":"BreadcrumbList","@id":"https:\/\/lampenius.fi\/simon\/privacy-policy\/#breadcrumb","itemListElement":[{"@type":"ListItem","position":1,"name":"Hem","item":"https:\/\/lampenius.fi\/simon\/"},{"@type":"ListItem","position":2,"name":"Integritetspolicy"}]}]}},"_links":{"self":[{"href":"https:\/\/lampenius.fi\/simon\/wp-json\/wp\/v2\/pages\/3","targetHints":{"allow":["GET"]}}],"collection":[{"href":"https:\/\/lampenius.fi\/simon\/wp-json\/wp\/v2\/pages"}],"about":[{"href":"https:\/\/lampenius.fi\/simon\/wp-json\/wp\/v2\/types\/page"}],"author":[{"embeddable":true,"href":"https:\/\/lampenius.fi\/simon\/wp-json\/wp\/v2\/users\/1"}],"replies":[{"embeddable":true,"href":"https:\/\/lampenius.fi\/simon\/wp-json\/wp\/v2\/comments?post=3"}],"version-history":[{"count":3,"href":"https:\/\/lampenius.fi\/simon\/wp-json\/wp\/v2\/pages\/3\/revisions"}],"predecessor-version":[{"id":80,"href":"https:\/\/lampenius.fi\/simon\/wp-json\/wp\/v2\/pages\/3\/revisions\/80"}],"wp:attachment":[{"href":"https:\/\/lampenius.fi\/simon\/wp-json\/wp\/v2\/media?parent=3"}],"curies":[{"name":"wp","href":"https:\/\/api.w.org\/{rel}","templated":true}]}}